{"id":430,"date":"2021-01-19T12:37:16","date_gmt":"2021-01-19T10:37:16","guid":{"rendered":"https:\/\/unikconsulting.fi\/teenused\/"},"modified":"2021-08-25T17:33:04","modified_gmt":"2021-08-25T14:33:04","slug":"teenused","status":"publish","type":"page","link":"https:\/\/www.unikconsulting.fi\/et\/teenused\/","title":{"rendered":"Teenused"},"content":{"rendered":"\n<ul class=\"wp-block-list\" id=\"block-3f8db517-f2c2-4dba-a116-3161047af898\"><li>Raamatupidamisteenused: elektrooniline, paberivaba ja reaalajas raamatupidamine<\/li><li>Palgaarvestus<\/li><li>Maksuarvestus<\/li><li>\u00c4ri- ja maksualased konsultatsioonid<\/li><\/ul>\n\n\n\n<p id=\"block-e6e7175c-671b-4e7e-be5a-9dc24d22f89f\">Unik Consulting on ettev\u00f5te, mis pakub nii elektroonilist raamatupidamist kui ka \u00e4ri- ja maksualaseid konsultatsioone. <strong>Pakume klientidele lahendusi k\u00f5igis valdkondades, reageerides alati kliendi hetkeseisule ja vajadustele<\/strong>. \nKoost\u00f6\u00f6s kliendiga valitakse sobiv <a href=\"https:\/\/unikconsulting.fi\/hinnasto\/\">teenusepakett<\/a>, mis v\u00f5ib sisaldada raamatupidamisteenuseid, palgaarvestust ja maksuarvestust. Loe <a href=\"https:\/\/unikconsulting.fi\/tehosta-tyoaikaasi-ja-saasta-rahaa-4-vinkkia-yrittajille\/\">siit <\/a>miks on soovituslik \u00fcle minna elektroonilisele raamatupidamisele.<\/p>\n\n\n\n<p id=\"block-3e61e0bb-5cb5-4500-af16-198c4663ee02\"><strong>Samuti saate Unik Consultingilt n\u00f5ustamisabi igap\u00e4evases raamatupidamises ja maksuk\u00fcsimustes. <\/strong>Samuti on meil hea meel aidata uutel ettev\u00f5tjatel \u00e4ri alustada. Saame anda v\u00e4\u00e4rtuslikku n\u00f5u n\u00e4iteks maksude planeerimise, hinnakujunduse ja personalijuhtimise kohta. N\u00f5ustamisteenus v\u00f5ib h\u00f5lmata ka kasumlikkuse arvestust. Las professionaal aitab teil oma ettev\u00f5tte rahandust planeerida!<\/p>\n\n\n\n<figure class=\"wp-block-image\" id=\"block-5f276fc2-c1e4-401a-b4c3-acdaec2806c2\"><img decoding=\"async\" src=\"https:\/\/unikconsulting.fi\/wp-content\/uploads\/2020\/11\/1.png\" alt=\"Las Unik Consulting aitab teil oma ettev\u00f5tte rahandust planeerida!\"\/><\/figure>\n\n\n\n<p id=\"block-1d50332e-5286-46bb-a8dd-423b796eb673\"><strong>Raamatupidamisteenuseid osutatakse erinevat t\u00fc\u00fcpi ettev\u00f5tetele,<\/strong> olenemata, kas teil on osa\u00fching v\u00f5i \u00e4rinimi. Unik Consultingu poole v\u00f5ite alati p\u00f6\u00f6rduda.<\/p>\n\n\n\n<p id=\"block-ec2cb0df-1776-43f6-89de-69e72d77fe2c\"><strong>Pakume raamatupidamist kolmes eri keeles: soome, eesti ja inglise keeles. <\/strong>Soomes on mitmeid rahvusvahelisi ettev\u00f5tteid, kes soovivad kaasata asjatundjat, kes oskab lisaks soome keelele ka eesti ja inglise keelt. Unik Consulting aitab meeleldi rahvusvahelisi ettev\u00f5tteid! Tunneme nii Soome kui ka Eesti maksus\u00fcsteeme ja t\u00f6\u00f6\u00f5igusseadusi. Unik Consulting pakub teenust erinevate alade ettev\u00f5tetele, kuid erioskused tulevad esile ehitusala ja ehitusettev\u00f5tete raamatupidamisest ja konsultatsioonist. <\/p>\n\n\n\n<p id=\"block-6d45ed16-99d1-48eb-a097-30d2b61e6543\"><strong>Raamatupidamisteenus Tuusulas. <\/strong>Unik Consulting toimib Jokelas, Tuusulas ja pakub raamatupidamisteenust nii l\u00e4hipiirkonnas kui ka kaugemal asuvatele ettev\u00f5tjatele probleemideta, kasutades digiaja tehnoloogiaid.<\/p>\n\n\n\n<p id=\"block-fcbed5f2-e0ff-4d26-a842-6a1f1374e6b6\"><strong>Unik Consulting kasutab peamiselt <a href=\"https:\/\/finago.com\/fi\/tuotteet\/procountor\/\" target=\"_blank\" rel=\"noopener\">Finago Procountor<\/a>-programmi,<\/strong> Standard Books-programmi ning Merit-programmi. Kui sulle pakub huvi m\u00f5ni muu programm, siis Unik Consulting tutvub meeleldi uute programmidega. Soovime pakkuda raamatupidamisteenust sinu vajadustele k\u00f5ige paremini vastava programmiga. Loe alt lisa sellest, miks tuleks valida Finago Procountor. <\/p>\n\n\n\n<p id=\"block-3fe19689-9bff-4eed-a18a-6e86726c4725\"><strong>Milline on Finago Procountor-programm?<\/strong><\/p>\n\n\n\n<p>Procountor Taloushallinto on t\u00e4ielikku digitaalset finantsjuhtimist v\u00f5imaldav programm. Seda on kerge kasutada ja see on usaldusv\u00e4\u00e4rne. See lahendus sobib eriti h\u00e4sti raamatupidamisb\u00fcroo ja kliendi \u00fchiskasutusse. Procountori saab kiirelt v\u00f5tta kasutusele ka keset majandusaastat. <\/p>\n\n\n\n<ul class=\"wp-block-list\" id=\"block-cc3c1ab2-7aa1-40c0-bfec-42eeb92b57ed\"><li>Muutub vastavalt ettev\u00f5tte vajadustele<\/li><li>Kasutusel ajast ja kohast s\u00f5ltumata<\/li><li>Ei ole vaja programmi paigaldust ega lisaseadmete oste<\/li><li>Tasuta uuendused, hooldust\u00f6\u00f6d ja klienditeenindus <\/li><li>Ulatuslikud kasutusjuhendid<\/li><\/ul>\n\n\n\n<p id=\"block-3df134b1-522a-4997-bacd-78f282e49767\">Procountoris v\u00f5ib muuhulgas koostada ja saata m\u00fc\u00fcgiarveid, kontrollida ja maksta ostuarveid ning j\u00e4lgida ettev\u00f5tte majanduslikku seisu olenemata ajast ja kohast. Raamatupidamine, palgaarvestus, deklaratsioonid maksuametile tehakse k\u00f5ik \u00fches ja samas programmis, mis on \u00fchiskasutuses raamatupidajaga.  Sellele lisaks on Procountori kaudu v\u00f5imalik saata ja vastu v\u00f5tta e-arveid ning \u00fchendada ettev\u00f5tte pangakonto programmiga, selleks et otse programmist maksta arveid, makse, palkasid ning vastu v\u00f5tta pangakonto v\u00e4ljav\u00f5tteid igap\u00e4evaselt. <\/p>\n\n\n\n<p id=\"block-ed9b9424-26c2-4c71-bf69-3a829efe1926\">Loe lisa <a href=\"https:\/\/finago.com\/fi\/tuotteet\/procountor\/\" target=\"_blank\" rel=\"noopener\">siit<\/a>. Kas v\u00f5tame Procountori sinu ettev\u00f5tte kasutusse juba t\u00e4na? <\/p>\n\n\n\n<p><\/p>\n\n\n\n<p><\/p>\n\n\n\n<p><\/p>\n\n\n\n<figure class=\"wp-block-image size-full\" id=\"block-53c0edd7-4286-494f-957b-94f443a0893a\"><img loading=\"lazy\" decoding=\"async\" width=\"500\" height=\"84\" src=\"https:\/\/unikconsulting.fi\/wp-content\/uploads\/2021\/08\/Finago_Procountor_a-_Logo_Blue_RGB.jpg\" alt=\"\" class=\"wp-image-534\" srcset=\"https:\/\/www.unikconsulting.fi\/wp-content\/uploads\/2021\/08\/Finago_Procountor_a-_Logo_Blue_RGB.jpg 500w, https:\/\/www.unikconsulting.fi\/wp-content\/uploads\/2021\/08\/Finago_Procountor_a-_Logo_Blue_RGB-300x50.jpg 300w\" sizes=\"auto, (max-width: 500px) 100vw, 500px\" \/><\/figure>\n","protected":false},"excerpt":{"rendered":"<p>Raamatupidamisteenused: elektrooniline, paberivaba ja reaalajas raamatupidamine Palgaarvestus Maksuarvestus \u00c4ri- ja maksualased konsultatsioonid Unik Consulting on ettev\u00f5te, mis pakub nii elektroonilist raamatupidamist kui ka \u00e4ri- ja maksualaseid konsultatsioone. Pakume klientidele lahendusi k\u00f5igis valdkondades, reageerides alati kliendi hetkeseisule ja vajadustele. Koost\u00f6\u00f6s kliendiga valitakse sobiv teenusepakett, mis v\u00f5ib sisaldada raamatupidamisteenuseid, palgaarvestust ja maksuarvestust. Loe siit miks on soovituslik [&hellip;]<\/p>\n","protected":false},"author":1,"featured_media":0,"parent":0,"menu_order":0,"comment_status":"closed","ping_status":"closed","template":"","meta":{"footnotes":""},"class_list":["post-430","page","type-page","status-publish","hentry"],"_links":{"self":[{"href":"https:\/\/www.unikconsulting.fi\/et\/wp-json\/wp\/v2\/pages\/430","targetHints":{"allow":["GET"]}}],"collection":[{"href":"https:\/\/www.unikconsulting.fi\/et\/wp-json\/wp\/v2\/pages"}],"about":[{"href":"https:\/\/www.unikconsulting.fi\/et\/wp-json\/wp\/v2\/types\/page"}],"author":[{"embeddable":true,"href":"https:\/\/www.unikconsulting.fi\/et\/wp-json\/wp\/v2\/users\/1"}],"replies":[{"embeddable":true,"href":"https:\/\/www.unikconsulting.fi\/et\/wp-json\/wp\/v2\/comments?post=430"}],"version-history":[{"count":5,"href":"https:\/\/www.unikconsulting.fi\/et\/wp-json\/wp\/v2\/pages\/430\/revisions"}],"predecessor-version":[{"id":549,"href":"https:\/\/www.unikconsulting.fi\/et\/wp-json\/wp\/v2\/pages\/430\/revisions\/549"}],"wp:attachment":[{"href":"https:\/\/www.unikconsulting.fi\/et\/wp-json\/wp\/v2\/media?parent=430"}],"curies":[{"name":"wp","href":"https:\/\/api.w.org\/{rel}","templated":true}]}}