{"id":455,"date":"2021-01-19T13:56:01","date_gmt":"2021-01-19T11:56:01","guid":{"rendered":"https:\/\/unikconsulting.fi\/kontakt\/"},"modified":"2021-01-19T14:00:48","modified_gmt":"2021-01-19T12:00:48","slug":"kontakt","status":"publish","type":"page","link":"https:\/\/www.unikconsulting.fi\/et\/kontakt\/","title":{"rendered":"Kontakt"},"content":{"rendered":"\n<p>Kaardistame teie ettev\u00f5tte olukorra ja leiame koos teie ettev\u00f5ttele sobivad lahendused ja teenused. \u00dcksk\u00f5ik, kas vajate lihtsalt raamatupidamist v\u00f5i finantsn\u00f5ustamist ja \u00e4rin\u00f5ustamist, olete j\u00f5udnud \u00f5igesse kohta! Teenindan teid soome, inglise v\u00f5i eesti keeles.<\/p>\n\n\n\n<p>(+358) 401 639 545 tai info@unikconsulting.fi<\/p>\n","protected":false},"excerpt":{"rendered":"<p>Kaardistame teie ettev\u00f5tte olukorra ja leiame koos teie ettev\u00f5ttele sobivad lahendused ja teenused. \u00dcksk\u00f5ik, kas vajate lihtsalt raamatupidamist v\u00f5i finantsn\u00f5ustamist ja \u00e4rin\u00f5ustamist, olete j\u00f5udnud \u00f5igesse kohta! Teenindan teid soome, inglise v\u00f5i eesti keeles. (+358) 401 639 545 tai info@unikconsulting.fi<\/p>\n","protected":false},"author":1,"featured_media":0,"parent":0,"menu_order":0,"comment_status":"closed","ping_status":"closed","template":"","meta":{"footnotes":""},"class_list":["post-455","page","type-page","status-publish","hentry"],"_links":{"self":[{"href":"https:\/\/www.unikconsulting.fi\/et\/wp-json\/wp\/v2\/pages\/455","targetHints":{"allow":["GET"]}}],"collection":[{"href":"https:\/\/www.unikconsulting.fi\/et\/wp-json\/wp\/v2\/pages"}],"about":[{"href":"https:\/\/www.unikconsulting.fi\/et\/wp-json\/wp\/v2\/types\/page"}],"author":[{"embeddable":true,"href":"https:\/\/www.unikconsulting.fi\/et\/wp-json\/wp\/v2\/users\/1"}],"replies":[{"embeddable":true,"href":"https:\/\/www.unikconsulting.fi\/et\/wp-json\/wp\/v2\/comments?post=455"}],"version-history":[{"count":3,"href":"https:\/\/www.unikconsulting.fi\/et\/wp-json\/wp\/v2\/pages\/455\/revisions"}],"predecessor-version":[{"id":459,"href":"https:\/\/www.unikconsulting.fi\/et\/wp-json\/wp\/v2\/pages\/455\/revisions\/459"}],"wp:attachment":[{"href":"https:\/\/www.unikconsulting.fi\/et\/wp-json\/wp\/v2\/media?parent=455"}],"curies":[{"name":"wp","href":"https:\/\/api.w.org\/{rel}","templated":true}]}}